{"id":29528,"date":"2022-01-19T16:27:04","date_gmt":"2022-01-19T15:27:04","guid":{"rendered":"https:\/\/creperie-an-arvor.ch\/reservierung\/"},"modified":"2022-01-28T15:24:28","modified_gmt":"2022-01-28T14:24:28","slug":"reservierung","status":"publish","type":"page","link":"https:\/\/creperie-an-arvor.ch\/de\/reservierung\/","title":{"rendered":"Reservierung"},"content":{"rendered":"<p>[et_pb_section fb_built=&#8220;1&#8243; specialty=&#8220;on&#8220; admin_label=&#8220;section&#8220; _builder_version=&#8220;4.10.5&#8243; background_color=&#8220;#FFFFFF&#8220; custom_padding=&#8220;30px|0px|0px|0px&#8220; hover_enabled=&#8220;0&#8243; transparent_background=&#8220;off&#8220; make_fullwidth=&#8220;off&#8220; use_custom_width=&#8220;off&#8220; width_unit=&#8220;off&#8220; custom_width_px=&#8220;1080px&#8220; custom_width_percent=&#8220;80%&#8220; global_colors_info=&#8220;{}&#8220; sticky_enabled=&#8220;0&#8243;][et_pb_column type=&#8220;1_2&#8243; specialty_columns=&#8220;2&#8243; _builder_version=&#8220;3.25&#8243; custom_padding=&#8220;|||&#8220; global_colors_info=&#8220;{}&#8220; custom_padding__hover=&#8220;|||&#8220;][et_pb_row_inner admin_label=&#8220;row_inner&#8220; _builder_version=&#8220;3.25&#8243; global_colors_info=&#8220;{}&#8220;][et_pb_column_inner saved_specialty_column_type=&#8220;1_2&#8243; _builder_version=&#8220;3.25&#8243; custom_padding=&#8220;|||&#8220; global_colors_info=&#8220;{}&#8220; custom_padding__hover=&#8220;|||&#8220;][et_pb_text admin_label=&#8220;Text&#8220; _builder_version=&#8220;4.10.5&#8243; text_font=&#8220;EB Garamond||||||||&#8220; text_text_color=&#8220;#525252&#8243; text_line_height=&#8220;1.5em&#8220; header_text_color=&#8220;#cbc9c0&#8243; header_2_font=&#8220;EB Garamond||||||||&#8220; header_2_text_color=&#8220;#c9ab81&#8243; background_size=&#8220;initial&#8220; background_position=&#8220;top_left&#8220; background_repeat=&#8220;repeat&#8220; hover_enabled=&#8220;0&#8243; use_border_color=&#8220;off&#8220; border_style=&#8220;solid&#8220; global_colors_info=&#8220;{}&#8220; header_2_font_size=&#8220;50px&#8220; text_font_size=&#8220;21px&#8220; sticky_enabled=&#8220;0&#8243;]<\/p>\n<h2>\u00d6FFNUNGSZEITEN<\/h2>\n<pre class=\"tw-data-text tw-text-large tw-ta\" data-placeholder=\"Traduction\" id=\"tw-target-text\" dir=\"ltr\"><span class=\"Y2IQFc\" lang=\"fr\"><\/span><span class=\"Y2IQFc\" lang=\"fr\"><\/span><\/pre>\n<p><span><span class=\"Y2IQFc\" lang=\"fr\">Wir freuen uns, Sie in unserer Cr\u00eaperie in Vevey (die sich vor dem Kino REX befindet) begr\u00fcssen zu d\u00fcrfen<\/span><\/span><span><span class=\"Y2IQFc\" lang=\"fr\">:<\/span><\/span><\/p>\n<p><span><span class=\"Y2IQFc\" lang=\"fr\"><\/span><\/span><\/p>\n<p><span><span class=\"Y2IQFc\" lang=\"fr\"><\/span><\/span><\/p>\n<p>Dienstag: 11:30 &#8211; 14:30\/ 18:00- 22:00<\/p>\n<p>Mittwoch: 11:30 &#8211; 14:30\/ 18:00- 22:00<\/p>\n<p>Donnerstag: 11:30 &#8211; 14:30\/ 18:00- 22:00<\/p>\n<p>Freitag: 11:30 &#8211; 14:30\/ 18:00- 22:00<\/p>\n<p>Samstag: 11:30 &#8211; 14:30\/ 18:00- 22:00<\/p>\n<p><strong>Sonntag: 11:30 &#8211; 16:00<\/strong><\/p>\n<pre class=\"tw-data-text tw-text-large tw-ta\" data-placeholder=\"Traduction\" id=\"tw-target-text\" dir=\"ltr\"><\/pre>\n<p>[\/et_pb_text][\/et_pb_column_inner][\/et_pb_row_inner][et_pb_row_inner admin_label=&#8220;row_inner&#8220; _builder_version=&#8220;3.25&#8243; global_colors_info=&#8220;{}&#8220;][et_pb_column_inner saved_specialty_column_type=&#8220;1_2&#8243; _builder_version=&#8220;3.25&#8243; custom_padding=&#8220;|||&#8220; global_colors_info=&#8220;{}&#8220; custom_padding__hover=&#8220;|||&#8220;][et_pb_text admin_label=&#8220;Text&#8220; _builder_version=&#8220;4.10.5&#8243; text_font=&#8220;EB Garamond||||||||&#8220; text_text_color=&#8220;#525252&#8243; text_line_height=&#8220;1.5em&#8220; header_text_color=&#8220;#525252&#8243; background_size=&#8220;initial&#8220; background_position=&#8220;top_left&#8220; background_repeat=&#8220;repeat&#8220; hover_enabled=&#8220;0&#8243; use_border_color=&#8220;off&#8220; border_style=&#8220;solid&#8220; global_colors_info=&#8220;{}&#8220; header_font=&#8220;EB Garamond||||||||&#8220; header_font_size=&#8220;34px&#8220; text_font_size=&#8220;21px&#8220; sticky_enabled=&#8220;0&#8243;]<\/p>\n<h1>ADRESSE<\/h1>\n<pre class=\"tw-data-text tw-text-large tw-ta\" data-placeholder=\"Traduction\" id=\"tw-target-text\" dir=\"ltr\"><span class=\"Y2IQFc\" lang=\"fr\"><\/span><span class=\"Y2IQFc\" lang=\"fr\"><\/span><\/pre>\n<p><span><span class=\"Y2IQFc\" lang=\"fr\">Rue Jean-Jacques Rousseau 9,<\/span><\/span><\/p>\n<p><span><span class=\"Y2IQFc\" lang=\"fr\">1800 Vevey <\/span><\/span><\/p>\n<pre class=\"tw-data-text tw-text-large tw-ta\" data-placeholder=\"Traduction\" id=\"tw-target-text\" dir=\"ltr\"><\/pre>\n<p>[\/et_pb_text][\/et_pb_column_inner][\/et_pb_row_inner][\/et_pb_column][et_pb_column type=&#8220;1_2&#8243; _builder_version=&#8220;3.25&#8243; custom_padding=&#8220;|||&#8220; global_colors_info=&#8220;{}&#8220; custom_padding__hover=&#8220;|||&#8220;][et_pb_code _builder_version=&#8220;4.10.5&#8243; _module_preset=&#8220;default&#8220; global_colors_info=&#8220;{}&#8220;]<\/p>\n<div align=\"center\"><iframe src=\"https:\/\/module.lafourchette.com\/fr_CH\/module\/713641-ef10c\" style=\"width: 100%; min-height:800px; border:none; scrolling:yes;\"><\/iframe><\/div>\n<p><!-- [et_pb_line_break_holder] --> [\/et_pb_code][\/et_pb_column][\/et_pb_section][et_pb_section fb_built=&#8220;1&#8243; fullwidth=&#8220;on&#8220; _builder_version=&#8220;4.10.5&#8243; _module_preset=&#8220;default&#8220; global_colors_info=&#8220;{}&#8220;][et_pb_fullwidth_image src=&#8220;https:\/\/creperie-an-arvor.ch\/wp-content\/uploads\/2021\/11\/map.webp&#8220; alt=&#8220;an arvor auf der Karte&#8220; _builder_version=&#8220;4.10.5&#8243; _module_preset=&#8220;default&#8220; global_colors_info=&#8220;{}&#8220;][\/et_pb_fullwidth_image][\/et_pb_section]<\/p>\n","protected":false},"excerpt":{"rendered":"<p>\u00d6FFNUNGSZEITEN Wir freuen uns, Sie in unserer Cr\u00eaperie in Vevey (die sich vor dem Kino REX befindet) begr\u00fcssen zu d\u00fcrfen: Dienstag: 11:30 &#8211; 14:30\/ 18:00- 22:00 Mittwoch: 11:30 &#8211; 14:30\/ 18:00- 22:00 Donnerstag: 11:30 &#8211; 14:30\/ 18:00- 22:00 Freitag: 11:30 &#8211; 14:30\/ 18:00- 22:00 Samstag: 11:30 &#8211; 14:30\/ 18:00- 22:00 Sonntag: 11:30 &#8211; 16:00 ADRESSE [&hellip;]<\/p>\n","protected":false},"author":1,"featured_media":29344,"parent":0,"menu_order":0,"comment_status":"closed","ping_status":"closed","template":"","meta":{"_et_pb_use_builder":"on","_et_pb_old_content":"","_et_gb_content_width":"","footnotes":""},"class_list":["post-29528","page","type-page","status-publish","has-post-thumbnail","hentry"],"yoast_head":"<!-- This site is optimized with the Yoast SEO plugin v19.10 - https:\/\/yoast.com\/wordpress\/plugins\/seo\/ -->\n<title>Reservierung - creperie-an-arvor.ch<\/title>\n<meta name=\"robots\" content=\"index, follow, max-snippet:-1, max-image-preview:large, max-video-preview:-1\" \/>\n<link rel=\"canonical\" href=\"https:\/\/creperie-an-arvor.ch\/de\/reservierung\/\" \/>\n<meta property=\"og:locale\" content=\"de_DE\" \/>\n<meta property=\"og:type\" content=\"article\" \/>\n<meta property=\"og:title\" content=\"Reservierung - creperie-an-arvor.ch\" \/>\n<meta property=\"og:description\" content=\"\u00d6FFNUNGSZEITEN Wir freuen uns, Sie in unserer Cr\u00eaperie in Vevey (die sich vor dem Kino REX befindet) begr\u00fcssen zu d\u00fcrfen: Dienstag: 11:30 - 14:30\/ 18:00- 22:00 Mittwoch: 11:30 - 14:30\/ 18:00- 22:00 Donnerstag: 11:30 - 14:30\/ 18:00- 22:00 Freitag: 11:30 - 14:30\/ 18:00- 22:00 Samstag: 11:30 - 14:30\/ 18:00- 22:00 Sonntag: 11:30 - 16:00 ADRESSE [&hellip;]\" \/>\n<meta property=\"og:url\" content=\"https:\/\/creperie-an-arvor.ch\/de\/reservierung\/\" \/>\n<meta property=\"og:site_name\" content=\"creperie-an-arvor.ch\" \/>\n<meta property=\"article:modified_time\" content=\"2022-01-28T14:24:28+00:00\" \/>\n<meta property=\"og:image\" content=\"https:\/\/creperie-an-arvor.ch\/wp-content\/uploads\/2021\/11\/Screenshot-2021-11-08-at-14.08.14.webp\" \/>\n\t<meta property=\"og:image:width\" content=\"1850\" \/>\n\t<meta property=\"og:image:height\" content=\"972\" \/>\n\t<meta property=\"og:image:type\" content=\"image\/webp\" \/>\n<meta name=\"twitter:card\" content=\"summary_large_image\" \/>\n<meta name=\"twitter:label1\" content=\"Gesch\u00e4tzte Lesezeit\" \/>\n\t<meta name=\"twitter:data1\" content=\"1\u00a0Minute\" \/>\n<script type=\"application\/ld+json\" class=\"yoast-schema-graph\">{\"@context\":\"https:\/\/schema.org\",\"@graph\":[{\"@type\":\"WebPage\",\"@id\":\"https:\/\/creperie-an-arvor.ch\/de\/reservierung\/\",\"url\":\"https:\/\/creperie-an-arvor.ch\/de\/reservierung\/\",\"name\":\"Reservierung - creperie-an-arvor.ch\",\"isPartOf\":{\"@id\":\"https:\/\/creperie-an-arvor.ch\/de\/#website\"},\"datePublished\":\"2022-01-19T15:27:04+00:00\",\"dateModified\":\"2022-01-28T14:24:28+00:00\",\"breadcrumb\":{\"@id\":\"https:\/\/creperie-an-arvor.ch\/de\/reservierung\/#breadcrumb\"},\"inLanguage\":\"de\",\"potentialAction\":[{\"@type\":\"ReadAction\",\"target\":[\"https:\/\/creperie-an-arvor.ch\/de\/reservierung\/\"]}]},{\"@type\":\"BreadcrumbList\",\"@id\":\"https:\/\/creperie-an-arvor.ch\/de\/reservierung\/#breadcrumb\",\"itemListElement\":[{\"@type\":\"ListItem\",\"position\":1,\"name\":\"Home\",\"item\":\"https:\/\/creperie-an-arvor.ch\/de\/\"},{\"@type\":\"ListItem\",\"position\":2,\"name\":\"Reservierung\"}]},{\"@type\":\"WebSite\",\"@id\":\"https:\/\/creperie-an-arvor.ch\/de\/#website\",\"url\":\"https:\/\/creperie-an-arvor.ch\/de\/\",\"name\":\"creperie-an-arvor.ch\",\"description\":\"Just another WordPress site\",\"potentialAction\":[{\"@type\":\"SearchAction\",\"target\":{\"@type\":\"EntryPoint\",\"urlTemplate\":\"https:\/\/creperie-an-arvor.ch\/de\/?s={search_term_string}\"},\"query-input\":\"required name=search_term_string\"}],\"inLanguage\":\"de\"}]}<\/script>\n<!-- \/ Yoast SEO plugin. -->","yoast_head_json":{"title":"Reservierung - creperie-an-arvor.ch","robots":{"index":"index","follow":"follow","max-snippet":"max-snippet:-1","max-image-preview":"max-image-preview:large","max-video-preview":"max-video-preview:-1"},"canonical":"https:\/\/creperie-an-arvor.ch\/de\/reservierung\/","og_locale":"de_DE","og_type":"article","og_title":"Reservierung - creperie-an-arvor.ch","og_description":"\u00d6FFNUNGSZEITEN Wir freuen uns, Sie in unserer Cr\u00eaperie in Vevey (die sich vor dem Kino REX befindet) begr\u00fcssen zu d\u00fcrfen: Dienstag: 11:30 - 14:30\/ 18:00- 22:00 Mittwoch: 11:30 - 14:30\/ 18:00- 22:00 Donnerstag: 11:30 - 14:30\/ 18:00- 22:00 Freitag: 11:30 - 14:30\/ 18:00- 22:00 Samstag: 11:30 - 14:30\/ 18:00- 22:00 Sonntag: 11:30 - 16:00 ADRESSE [&hellip;]","og_url":"https:\/\/creperie-an-arvor.ch\/de\/reservierung\/","og_site_name":"creperie-an-arvor.ch","article_modified_time":"2022-01-28T14:24:28+00:00","og_image":[{"width":1850,"height":972,"url":"https:\/\/creperie-an-arvor.ch\/wp-content\/uploads\/2021\/11\/Screenshot-2021-11-08-at-14.08.14.webp","type":"image\/webp"}],"twitter_card":"summary_large_image","twitter_misc":{"Gesch\u00e4tzte Lesezeit":"1\u00a0Minute"},"schema":{"@context":"https:\/\/schema.org","@graph":[{"@type":"WebPage","@id":"https:\/\/creperie-an-arvor.ch\/de\/reservierung\/","url":"https:\/\/creperie-an-arvor.ch\/de\/reservierung\/","name":"Reservierung - creperie-an-arvor.ch","isPartOf":{"@id":"https:\/\/creperie-an-arvor.ch\/de\/#website"},"datePublished":"2022-01-19T15:27:04+00:00","dateModified":"2022-01-28T14:24:28+00:00","breadcrumb":{"@id":"https:\/\/creperie-an-arvor.ch\/de\/reservierung\/#breadcrumb"},"inLanguage":"de","potentialAction":[{"@type":"ReadAction","target":["https:\/\/creperie-an-arvor.ch\/de\/reservierung\/"]}]},{"@type":"BreadcrumbList","@id":"https:\/\/creperie-an-arvor.ch\/de\/reservierung\/#breadcrumb","itemListElement":[{"@type":"ListItem","position":1,"name":"Home","item":"https:\/\/creperie-an-arvor.ch\/de\/"},{"@type":"ListItem","position":2,"name":"Reservierung"}]},{"@type":"WebSite","@id":"https:\/\/creperie-an-arvor.ch\/de\/#website","url":"https:\/\/creperie-an-arvor.ch\/de\/","name":"creperie-an-arvor.ch","description":"Just another WordPress site","potentialAction":[{"@type":"SearchAction","target":{"@type":"EntryPoint","urlTemplate":"https:\/\/creperie-an-arvor.ch\/de\/?s={search_term_string}"},"query-input":"required name=search_term_string"}],"inLanguage":"de"}]}},"_links":{"self":[{"href":"https:\/\/creperie-an-arvor.ch\/de\/wp-json\/wp\/v2\/pages\/29528","targetHints":{"allow":["GET"]}}],"collection":[{"href":"https:\/\/creperie-an-arvor.ch\/de\/wp-json\/wp\/v2\/pages"}],"about":[{"href":"https:\/\/creperie-an-arvor.ch\/de\/wp-json\/wp\/v2\/types\/page"}],"author":[{"embeddable":true,"href":"https:\/\/creperie-an-arvor.ch\/de\/wp-json\/wp\/v2\/users\/1"}],"replies":[{"embeddable":true,"href":"https:\/\/creperie-an-arvor.ch\/de\/wp-json\/wp\/v2\/comments?post=29528"}],"version-history":[{"count":5,"href":"https:\/\/creperie-an-arvor.ch\/de\/wp-json\/wp\/v2\/pages\/29528\/revisions"}],"predecessor-version":[{"id":29585,"href":"https:\/\/creperie-an-arvor.ch\/de\/wp-json\/wp\/v2\/pages\/29528\/revisions\/29585"}],"wp:featuredmedia":[{"embeddable":true,"href":"https:\/\/creperie-an-arvor.ch\/de\/wp-json\/wp\/v2\/media\/29344"}],"wp:attachment":[{"href":"https:\/\/creperie-an-arvor.ch\/de\/wp-json\/wp\/v2\/media?parent=29528"}],"curies":[{"name":"wp","href":"https:\/\/api.w.org\/{rel}","templated":true}]}}