{"id":29548,"date":"2022-01-19T17:37:16","date_gmt":"2022-01-19T16:37:16","guid":{"rendered":"https:\/\/creperie-an-arvor.ch\/mittagessen\/"},"modified":"2022-01-28T21:58:33","modified_gmt":"2022-01-28T20:58:33","slug":"mittagessen","status":"publish","type":"page","link":"https:\/\/creperie-an-arvor.ch\/de\/mittagessen\/","title":{"rendered":"Mittagessen"},"content":{"rendered":"<p>[et_pb_section fb_built=&#8220;1&#8243; custom_padding_last_edited=&#8220;on|tablet&#8220; admin_label=&#8220;Header&#8220; _builder_version=&#8220;4.10.5&#8243; use_background_color_gradient=&#8220;on&#8220; background_color_gradient_start=&#8220;rgba(201,176,141,0.36)&#8220; background_color_gradient_end=&#8220;rgba(255,93,93,0)&#8220; background_color_gradient_direction=&#8220;324deg&#8220; background_color_gradient_end_position=&#8220;55%&#8220; background_position=&#8220;bottom_center&#8220; max_width=&#8220;95%&#8220; custom_margin=&#8220;||&#8220; custom_padding=&#8220;0px|||4vw||&#8220; custom_padding_tablet=&#8220;|||0vw&#8220; custom_padding_phone=&#8220;||||false&#8220; border_radii=&#8220;|||20vw|&#8220; locked=&#8220;off&#8220; global_colors_info=&#8220;{}&#8220;][et_pb_row column_structure=&#8220;2_3,1_3&#8243; use_custom_gutter=&#8220;on&#8220; gutter_width=&#8220;1&#8243; custom_padding_last_edited=&#8220;on|desktop&#8220; admin_label=&#8220;Row&#8220; _builder_version=&#8220;3.25.3&#8243; custom_margin=&#8220;|auto||auto||&#8220; custom_padding=&#8220;0px||0px|40px||&#8220; custom_padding_tablet=&#8220;|||0px&#8220; custom_padding_phone=&#8220;&#8220; locked=&#8220;off&#8220; global_colors_info=&#8220;{}&#8220;][et_pb_column type=&#8220;2_3&#8243; _builder_version=&#8220;3.25.3&#8243; custom_padding=&#8220;|40px|40px|&#8220; global_colors_info=&#8220;{}&#8220;][et_pb_image src=&#8220;https:\/\/creperie-an-arvor.ch\/wp-content\/uploads\/2021\/12\/donut-55.png&#8220; disabled_on=&#8220;off|off|off&#8220; _builder_version=&#8220;4.10.5&#8243; background_color=&#8220;#c9ab81&#8243; use_background_color_gradient=&#8220;on&#8220; background_color_gradient_start=&#8220;#c9ab81&#8243; background_color_gradient_end=&#8220;rgba(0,0,0,0)&#8220; background_color_gradient_direction=&#8220;166deg&#8220; background_color_gradient_end_position=&#8220;79%&#8220; custom_margin=&#8220;|||-33vw&#8220; global_colors_info=&#8220;{}&#8220;][\/et_pb_image][\/et_pb_column][et_pb_column type=&#8220;1_3&#8243; _builder_version=&#8220;3.25.3&#8243; global_colors_info=&#8220;{}&#8220;][\/et_pb_column][\/et_pb_row][et_pb_row column_structure=&#8220;1_2,1_2&#8243; _builder_version=&#8220;3.25.3&#8243; global_colors_info=&#8220;{}&#8220;][et_pb_column type=&#8220;1_2&#8243; _builder_version=&#8220;3.25.3&#8243; global_colors_info=&#8220;{}&#8220;][et_pb_text disabled_on=&#8220;on|on|off&#8220; _builder_version=&#8220;4.10.5&#8243; text_font=&#8220;|600|||||||&#8220; text_text_color=&#8220;rgba(0,0,0,0.5)&#8220; text_line_height=&#8220;1.8em&#8220; header_font=&#8220;EB Garamond|900||on|||||&#8220; header_text_color=&#8220;#c9ab81&#8243; header_font_size=&#8220;50px&#8220; header_letter_spacing=&#8220;0.05em&#8220; transform_scale_tablet=&#8220;&#8220; transform_scale_phone=&#8220;&#8220; transform_scale_last_edited=&#8220;on|desktop&#8220; transform_translate_linked=&#8220;off&#8220; transform_rotate_tablet=&#8220;&#8220; transform_rotate_phone=&#8220;&#8220; transform_rotate_last_edited=&#8220;on|desktop&#8220; transform_skew_tablet=&#8220;&#8220; transform_skew_phone=&#8220;&#8220; transform_skew_last_edited=&#8220;on|desktop&#8220; transform_origin_tablet=&#8220;&#8220; transform_origin_phone=&#8220;&#8220; transform_origin_last_edited=&#8220;on|desktop&#8220; hover_enabled=&#8220;0&#8243; header_font_size_tablet=&#8220;60px&#8220; header_font_size_phone=&#8220;40px&#8220; header_font_size_last_edited=&#8220;on|desktop&#8220; header_text_shadow_style=&#8220;preset3&#8243; header_text_shadow_blur_strength=&#8220;0em&#8220; locked=&#8220;off&#8220; global_colors_info=&#8220;{}&#8220; sticky_enabled=&#8220;0&#8243;]<\/p>\n<h1>Mittagsmen\u00fc<\/h1>\n<p>[\/et_pb_text][et_pb_text disabled_on=&#8220;off|off|on&#8220; _builder_version=&#8220;4.10.5&#8243; text_font=&#8220;|600|||||||&#8220; text_text_color=&#8220;rgba(0,0,0,0.5)&#8220; text_line_height=&#8220;1.8em&#8220; header_font=&#8220;EB Garamond|900||on|||||&#8220; header_text_color=&#8220;#c9ab81&#8243; header_font_size=&#8220;50px&#8220; header_letter_spacing=&#8220;0.05em&#8220; transform_scale_tablet=&#8220;&#8220; transform_scale_phone=&#8220;&#8220; transform_scale_last_edited=&#8220;on|desktop&#8220; transform_translate_linked=&#8220;off&#8220; transform_rotate_tablet=&#8220;&#8220; transform_rotate_phone=&#8220;&#8220; transform_rotate_last_edited=&#8220;on|desktop&#8220; transform_skew_tablet=&#8220;&#8220; transform_skew_phone=&#8220;&#8220; transform_skew_last_edited=&#8220;on|desktop&#8220; transform_origin_tablet=&#8220;&#8220; transform_origin_phone=&#8220;&#8220; transform_origin_last_edited=&#8220;on|desktop&#8220; hover_enabled=&#8220;0&#8243; header_font_size_tablet=&#8220;60px&#8220; header_font_size_phone=&#8220;36px&#8220; header_font_size_last_edited=&#8220;on|desktop&#8220; header_text_shadow_style=&#8220;preset3&#8243; header_text_shadow_blur_strength=&#8220;0em&#8220; locked=&#8220;off&#8220; global_colors_info=&#8220;{}&#8220; sticky_enabled=&#8220;0&#8243;]<\/p>\n<h1>Mittagsmen\u00fc<\/h1>\n<p>[\/et_pb_text][\/et_pb_column][et_pb_column type=&#8220;1_2&#8243; _builder_version=&#8220;3.25.3&#8243; global_colors_info=&#8220;{}&#8220;][\/et_pb_column][\/et_pb_row][\/et_pb_section][et_pb_section fb_built=&#8220;1&#8243; custom_padding_last_edited=&#8220;on|phone&#8220; admin_label=&#8220;Menu&#8220; _builder_version=&#8220;3.25.3&#8243; custom_padding_tablet=&#8220;50px||0px&#8220; custom_padding_phone=&#8220;&#8220; locked=&#8220;off&#8220; global_colors_info=&#8220;{}&#8220;][et_pb_row column_structure=&#8220;1_2,1_2&#8243; _builder_version=&#8220;3.25.3&#8243; custom_padding=&#8220;||0px|||&#8220; global_colors_info=&#8220;{}&#8220;][et_pb_column type=&#8220;1_2&#8243; _builder_version=&#8220;3.25.3&#8243; global_colors_info=&#8220;{}&#8220;][et_pb_image src=&#8220;https:\/\/creperie-an-arvor.ch\/wp-content\/uploads\/2021\/12\/concept-of-hot-drink-with-tea-close-up-2021-12-10-16-12-25-utc-1.webp&#8220; alt=&#8220;bretonisch&#8220; title_text=&#8220;concept-of-hot-drink-with-tea-close-up-2021-12-10-16-12-25-utc (1)&#8220; _builder_version=&#8220;4.10.5&#8243; border_radii=&#8220;|16vw|||&#8220; global_colors_info=&#8220;{}&#8220;][\/et_pb_image][et_pb_text _builder_version=&#8220;4.10.5&#8243; text_font=&#8220;|600|||||||&#8220; text_line_height=&#8220;1.8em&#8220; header_font=&#8220;||||||||&#8220; header_2_font=&#8220;EB Garamond|600||on|||||&#8220; header_2_text_color=&#8220;#525252&#8243; header_2_font_size=&#8220;21px&#8220; header_2_line_height=&#8220;1.3em&#8220; custom_margin=&#8220;||-5px|||&#8220; header_2_font_size_tablet=&#8220;30px&#8220; header_2_font_size_phone=&#8220;25px&#8220; header_2_font_size_last_edited=&#8220;on|phone&#8220; locked=&#8220;off&#8220; global_colors_info=&#8220;{}&#8220;]<\/p>\n<h2 class=\"p1\">F\u00fcr Kinder<\/h2>\n<p>[\/et_pb_text][et_pb_blurb icon_placement=&#8220;left&#8220; image_max_width=&#8220;90px&#8220; content_max_width=&#8220;100%&#8220; _builder_version=&#8220;4.10.5&#8243; header_font=&#8220;Oswald|||on|||||&#8220; header_letter_spacing=&#8220;2px&#8220; header_line_height=&#8220;1.6em&#8220; body_font=&#8220;EB Garamond||||||||&#8220; body_text_color=&#8220;#525252&#8243; body_font_size=&#8220;21px&#8220; body_line_height=&#8220;1.6em&#8220; animation=&#8220;off&#8220; border_radii_image=&#8220;on|75px|75px|75px|75px&#8220; locked=&#8220;off&#8220; global_colors_info=&#8220;{}&#8220;]<\/p>\n<table border=\"1\" style=\"border-collapse: collapse; width: 100%; height: 238px;\">\n<tbody>\n<tr style=\"height: 159px;\">\n<td style=\"width: 52.508%; height: 159px;\">\n<p class=\"p1\">T\u00e4glich f\u00fcr Kinder unter 10 Jahren<\/p>\n<p class=\"p1\">Mini Galette 2 Zutaten nach Wahl<\/p>\n<p class=\"p1\">(siehe Zutatenliste auf der Karte)<\/p>\n<p class=\"p1\">&#8222;Zus\u00e4tzliche Zutaten: 1,50 Chf.<\/p>\n<p class=\"p1\">* * *<\/p>\n<p class=\"p1\">Mini-Pfannkuchen (Zucker, Schokolade, Zitrone, Zimt,<\/p>\n<p class=\"p1\">Karamell mit gesalzener Butter, Nutella oder Marmelade) ODER eine Kugel Eis<\/p>\n<\/td>\n<td style=\"width: 5.50162%; height: 159px;\"><strong>13.00<\/strong><\/td>\n<\/tr>\n<\/tbody>\n<\/table>\n<p>[\/et_pb_blurb][\/et_pb_column][et_pb_column type=&#8220;1_2&#8243; _builder_version=&#8220;3.25.3&#8243; global_colors_info=&#8220;{}&#8220;][et_pb_text _builder_version=&#8220;4.10.5&#8243; text_font=&#8220;|600|||||||&#8220; text_line_height=&#8220;1.8em&#8220; header_font=&#8220;||||||||&#8220; header_font_size=&#8220;21px&#8220; header_2_font=&#8220;EB Garamond|600||on|||||&#8220; header_2_text_color=&#8220;#c9ab81&#8243; header_2_font_size=&#8220;20px&#8220; header_2_line_height=&#8220;1.3em&#8220; custom_margin=&#8220;||-1px|||&#8220; header_2_font_size_tablet=&#8220;30px&#8220; header_2_font_size_phone=&#8220;25px&#8220; header_2_font_size_last_edited=&#8220;on|phone&#8220; locked=&#8220;off&#8220; global_colors_info=&#8220;{}&#8220;]<\/p>\n<h2 class=\"p1\"><strong>Montag bis Freitag Mittag <\/strong><strong style=\"font-size: 18px;\">ausser an Feiertagen<\/strong><\/h2>\n<p class=\"p1\">[\/et_pb_text][et_pb_blurb icon_placement=&#8220;left&#8220; image_max_width=&#8220;90px&#8220; content_max_width=&#8220;100%&#8220; _builder_version=&#8220;4.10.5&#8243; header_font=&#8220;Oswald|||on|||||&#8220; header_letter_spacing=&#8220;2px&#8220; header_line_height=&#8220;1.6em&#8220; body_font=&#8220;EB Garamond||||||||&#8220; body_text_color=&#8220;#525252&#8243; body_font_size=&#8220;21px&#8220; body_line_height=&#8220;1.6em&#8220; custom_padding=&#8220;||0px|||&#8220; animation=&#8220;off&#8220; border_radii_image=&#8220;on|75px|75px|75px|75px&#8220; locked=&#8220;off&#8220; global_colors_info=&#8220;{}&#8220;]<\/p>\n<p>&nbsp;<\/p>\n<table border=\"1\" style=\"border-collapse: collapse; width: 100%; height: 92px;\">\n<tbody>\n<tr style=\"height: 23px;\">\n<td style=\"width: 52.508%; height: 23px;\">\n<p class=\"p2\"><strong>In Eingabe<\/strong><\/p>\n<p class=\"p2\">Gr\u00fcner Salat\/ Gemischter Salat\/Suppe (von Oktober bis Februar)<\/p>\n<p class=\"p1\"><strong>Hauptgang<\/strong><\/p>\n<p class=\"p2\">Der Vorschlag des Chefs\/oder stellen Sie Ihren Kuchen selbst zusammen, maximal 3 Zutaten<\/p>\n<p class=\"p2\">(siehe Zutatenliste auf der Karte)<\/p>\n<p class=\"p1\"><strong>Als Dessert<\/strong><\/p>\n<p class=\"p2\">Zucker-\/Schokoladen-\/Zucker-Zimt-\/Zucker-Zitronen-\/Kastanien-\/Salidou-Cr\u00eape \/2 Kugeln Eis<\/p>\n<\/td>\n<td style=\"width: 5.50162%; height: 23px;\"><\/td>\n<\/tr>\n<tr style=\"height: 23px;\">\n<td style=\"width: 52.508%; height: 23px;\">\n<p class=\"p1\"><strong>Vorspeise und Handlauf ODER Hauptgericht und Dessert <\/strong><\/p>\n<\/td>\n<td style=\"width: 5.50162%; height: 23px;\"><strong>19.00<\/strong><\/td>\n<\/tr>\n<tr style=\"height: 23px;\">\n<td style=\"width: 52.508%; height: 23px;\"><strong>Vorspeise, Handlauf und Dessert<\/strong><\/td>\n<td style=\"width: 5.50162%; height: 23px;\"><strong>25.00<\/strong><\/td>\n<\/tr>\n<\/tbody>\n<\/table>\n<p class=\"p1\">[\/et_pb_blurb][et_pb_image src=&#8220;https:\/\/creperie-an-arvor.ch\/wp-content\/uploads\/2021\/12\/christmas-mulled-wine-winter-alcoholic-drink-2021-12-13-18-58-31-utc.webp&#8220; alt=&#8220;an arvor drinks&#8220; title_text=&#8220;christmas-mulled-wine-winter-alcoholic-drink-2021-12-13-18-58-31-utc&#8220; _builder_version=&#8220;4.10.5&#8243; border_radii=&#8220;|||16vw|&#8220; global_colors_info=&#8220;{}&#8220;][\/et_pb_image][\/et_pb_column][\/et_pb_row][\/et_pb_section]<\/p>\n","protected":false},"excerpt":{"rendered":"<p>Mittagsmen\u00fcMittagsmen\u00fcF\u00fcr Kinder T\u00e4glich f\u00fcr Kinder unter 10 Jahren Mini Galette 2 Zutaten nach Wahl (siehe Zutatenliste auf der Karte) &#8222;Zus\u00e4tzliche Zutaten: 1,50 Chf. * * * Mini-Pfannkuchen (Zucker, Schokolade, Zitrone, Zimt, Karamell mit gesalzener Butter, Nutella oder Marmelade) ODER eine Kugel Eis 13.00 Montag bis Freitag Mittag ausser an Feiertagen &nbsp; In Eingabe Gr\u00fcner Salat\/ [&hellip;]<\/p>\n","protected":false},"author":1,"featured_media":0,"parent":0,"menu_order":0,"comment_status":"closed","ping_status":"closed","template":"","meta":{"_et_pb_use_builder":"on","_et_pb_old_content":"","_et_gb_content_width":"","footnotes":""},"class_list":["post-29548","page","type-page","status-publish","hentry"],"yoast_head":"<!-- This site is optimized with the Yoast SEO plugin v19.10 - https:\/\/yoast.com\/wordpress\/plugins\/seo\/ -->\n<title>Mittagessen | creperie-an-arvor.ch<\/title>\n<meta name=\"description\" content=\"An Arvor. Mittagessen\" \/>\n<meta name=\"robots\" content=\"index, follow, max-snippet:-1, max-image-preview:large, max-video-preview:-1\" \/>\n<link rel=\"canonical\" href=\"https:\/\/creperie-an-arvor.ch\/de\/mittagessen\/\" \/>\n<meta property=\"og:locale\" content=\"de_DE\" \/>\n<meta property=\"og:type\" content=\"article\" \/>\n<meta property=\"og:title\" content=\"Mittagessen | creperie-an-arvor.ch\" \/>\n<meta property=\"og:description\" content=\"An Arvor. Mittagessen\" \/>\n<meta property=\"og:url\" content=\"https:\/\/creperie-an-arvor.ch\/de\/mittagessen\/\" \/>\n<meta property=\"og:site_name\" content=\"creperie-an-arvor.ch\" \/>\n<meta property=\"article:modified_time\" content=\"2022-01-28T20:58:33+00:00\" \/>\n<meta name=\"twitter:card\" content=\"summary_large_image\" \/>\n<meta name=\"twitter:label1\" content=\"Gesch\u00e4tzte Lesezeit\" \/>\n\t<meta name=\"twitter:data1\" content=\"5\u00a0Minuten\" \/>\n<script type=\"application\/ld+json\" class=\"yoast-schema-graph\">{\"@context\":\"https:\/\/schema.org\",\"@graph\":[{\"@type\":\"WebPage\",\"@id\":\"https:\/\/creperie-an-arvor.ch\/de\/mittagessen\/\",\"url\":\"https:\/\/creperie-an-arvor.ch\/de\/mittagessen\/\",\"name\":\"Mittagessen | creperie-an-arvor.ch\",\"isPartOf\":{\"@id\":\"https:\/\/creperie-an-arvor.ch\/de\/#website\"},\"datePublished\":\"2022-01-19T16:37:16+00:00\",\"dateModified\":\"2022-01-28T20:58:33+00:00\",\"description\":\"An Arvor. Mittagessen\",\"breadcrumb\":{\"@id\":\"https:\/\/creperie-an-arvor.ch\/de\/mittagessen\/#breadcrumb\"},\"inLanguage\":\"de\",\"potentialAction\":[{\"@type\":\"ReadAction\",\"target\":[\"https:\/\/creperie-an-arvor.ch\/de\/mittagessen\/\"]}]},{\"@type\":\"BreadcrumbList\",\"@id\":\"https:\/\/creperie-an-arvor.ch\/de\/mittagessen\/#breadcrumb\",\"itemListElement\":[{\"@type\":\"ListItem\",\"position\":1,\"name\":\"Home\",\"item\":\"https:\/\/creperie-an-arvor.ch\/de\/\"},{\"@type\":\"ListItem\",\"position\":2,\"name\":\"Mittagessen\"}]},{\"@type\":\"WebSite\",\"@id\":\"https:\/\/creperie-an-arvor.ch\/de\/#website\",\"url\":\"https:\/\/creperie-an-arvor.ch\/de\/\",\"name\":\"creperie-an-arvor.ch\",\"description\":\"Just another WordPress site\",\"potentialAction\":[{\"@type\":\"SearchAction\",\"target\":{\"@type\":\"EntryPoint\",\"urlTemplate\":\"https:\/\/creperie-an-arvor.ch\/de\/?s={search_term_string}\"},\"query-input\":\"required name=search_term_string\"}],\"inLanguage\":\"de\"}]}<\/script>\n<!-- \/ Yoast SEO plugin. -->","yoast_head_json":{"title":"Mittagessen | creperie-an-arvor.ch","description":"An Arvor. Mittagessen","robots":{"index":"index","follow":"follow","max-snippet":"max-snippet:-1","max-image-preview":"max-image-preview:large","max-video-preview":"max-video-preview:-1"},"canonical":"https:\/\/creperie-an-arvor.ch\/de\/mittagessen\/","og_locale":"de_DE","og_type":"article","og_title":"Mittagessen | creperie-an-arvor.ch","og_description":"An Arvor. Mittagessen","og_url":"https:\/\/creperie-an-arvor.ch\/de\/mittagessen\/","og_site_name":"creperie-an-arvor.ch","article_modified_time":"2022-01-28T20:58:33+00:00","twitter_card":"summary_large_image","twitter_misc":{"Gesch\u00e4tzte Lesezeit":"5\u00a0Minuten"},"schema":{"@context":"https:\/\/schema.org","@graph":[{"@type":"WebPage","@id":"https:\/\/creperie-an-arvor.ch\/de\/mittagessen\/","url":"https:\/\/creperie-an-arvor.ch\/de\/mittagessen\/","name":"Mittagessen | creperie-an-arvor.ch","isPartOf":{"@id":"https:\/\/creperie-an-arvor.ch\/de\/#website"},"datePublished":"2022-01-19T16:37:16+00:00","dateModified":"2022-01-28T20:58:33+00:00","description":"An Arvor. Mittagessen","breadcrumb":{"@id":"https:\/\/creperie-an-arvor.ch\/de\/mittagessen\/#breadcrumb"},"inLanguage":"de","potentialAction":[{"@type":"ReadAction","target":["https:\/\/creperie-an-arvor.ch\/de\/mittagessen\/"]}]},{"@type":"BreadcrumbList","@id":"https:\/\/creperie-an-arvor.ch\/de\/mittagessen\/#breadcrumb","itemListElement":[{"@type":"ListItem","position":1,"name":"Home","item":"https:\/\/creperie-an-arvor.ch\/de\/"},{"@type":"ListItem","position":2,"name":"Mittagessen"}]},{"@type":"WebSite","@id":"https:\/\/creperie-an-arvor.ch\/de\/#website","url":"https:\/\/creperie-an-arvor.ch\/de\/","name":"creperie-an-arvor.ch","description":"Just another WordPress site","potentialAction":[{"@type":"SearchAction","target":{"@type":"EntryPoint","urlTemplate":"https:\/\/creperie-an-arvor.ch\/de\/?s={search_term_string}"},"query-input":"required name=search_term_string"}],"inLanguage":"de"}]}},"_links":{"self":[{"href":"https:\/\/creperie-an-arvor.ch\/de\/wp-json\/wp\/v2\/pages\/29548","targetHints":{"allow":["GET"]}}],"collection":[{"href":"https:\/\/creperie-an-arvor.ch\/de\/wp-json\/wp\/v2\/pages"}],"about":[{"href":"https:\/\/creperie-an-arvor.ch\/de\/wp-json\/wp\/v2\/types\/page"}],"author":[{"embeddable":true,"href":"https:\/\/creperie-an-arvor.ch\/de\/wp-json\/wp\/v2\/users\/1"}],"replies":[{"embeddable":true,"href":"https:\/\/creperie-an-arvor.ch\/de\/wp-json\/wp\/v2\/comments?post=29548"}],"version-history":[{"count":5,"href":"https:\/\/creperie-an-arvor.ch\/de\/wp-json\/wp\/v2\/pages\/29548\/revisions"}],"predecessor-version":[{"id":29603,"href":"https:\/\/creperie-an-arvor.ch\/de\/wp-json\/wp\/v2\/pages\/29548\/revisions\/29603"}],"wp:attachment":[{"href":"https:\/\/creperie-an-arvor.ch\/de\/wp-json\/wp\/v2\/media?parent=29548"}],"curies":[{"name":"wp","href":"https:\/\/api.w.org\/{rel}","templated":true}]}}